{"id":401,"date":"2025-08-22T15:36:00","date_gmt":"2025-08-22T13:36:00","guid":{"rendered":"https:\/\/forum.ivip.sk\/?post_type=product&#038;p=401"},"modified":"2025-09-05T19:10:28","modified_gmt":"2025-09-05T17:10:28","slug":"studentska-vstupenka","status":"publish","type":"product","link":"https:\/\/forum.ivip.sk\/index.php\/produkt\/studentska-vstupenka\/","title":{"rendered":"\u0160tudentsk\u00e1 vstupenka"},"content":{"rendered":"<ul>\n<li>V\u00ddHODN\u00c1 CENA<\/li>\n<li>7 hod\u00edn in\u0161pir\u00e1ci\u00ed a cenn\u00e9 know-how<\/li>\n<li>2x k\u00e1va a ob\u010derstvenie po\u010das prest\u00e1vok<\/li>\n<li>Ve\u010dern\u00fd raut<\/li>\n<li>Osobn\u00fd networking<\/li>\n<li>Z\u00e1znam dostupn\u00fd do konca roka 2025<\/li>\n<\/ul>\n","protected":false},"excerpt":{"rendered":"<p>V\u00ddHODN\u00c1 CENA 7 hod\u00edn in\u0161pir\u00e1ci\u00ed a cenn\u00e9 know-how 2x k\u00e1va a ob\u010derstvenie po\u010das prest\u00e1vok Ve\u010dern\u00fd raut Osobn\u00fd networking Z\u00e1znam dostupn\u00fd do konca roka 2025<\/p>\n","protected":false},"featured_media":0,"comment_status":"open","ping_status":"closed","template":"","meta":{"rank_math_lock_modified_date":false},"product_brand":[],"product_cat":[15],"product_tag":[],"class_list":{"0":"post-401","1":"product","2":"type-product","3":"status-publish","5":"product_cat-nezaradene","7":"first","8":"instock","9":"downloadable","10":"virtual","11":"purchasable","12":"product-type-simple"},"_links":{"self":[{"href":"https:\/\/forum.ivip.sk\/index.php\/wp-json\/wp\/v2\/product\/401","targetHints":{"allow":["GET"]}}],"collection":[{"href":"https:\/\/forum.ivip.sk\/index.php\/wp-json\/wp\/v2\/product"}],"about":[{"href":"https:\/\/forum.ivip.sk\/index.php\/wp-json\/wp\/v2\/types\/product"}],"replies":[{"embeddable":true,"href":"https:\/\/forum.ivip.sk\/index.php\/wp-json\/wp\/v2\/comments?post=401"}],"wp:attachment":[{"href":"https:\/\/forum.ivip.sk\/index.php\/wp-json\/wp\/v2\/media?parent=401"}],"wp:term":[{"taxonomy":"product_brand","embeddable":true,"href":"https:\/\/forum.ivip.sk\/index.php\/wp-json\/wp\/v2\/product_brand?post=401"},{"taxonomy":"product_cat","embeddable":true,"href":"https:\/\/forum.ivip.sk\/index.php\/wp-json\/wp\/v2\/product_cat?post=401"},{"taxonomy":"product_tag","embeddable":true,"href":"https:\/\/forum.ivip.sk\/index.php\/wp-json\/wp\/v2\/product_tag?post=401"}],"curies":[{"name":"wp","href":"https:\/\/api.w.org\/{rel}","templated":true}]}}